{"id":43,"date":"2025-12-22T00:59:15","date_gmt":"2025-12-22T03:59:15","guid":{"rendered":"https:\/\/1tenisforyou.com.br\/1tfy\/?page_id=43"},"modified":"2025-12-22T00:59:16","modified_gmt":"2025-12-22T03:59:16","slug":"inscreva-se","status":"publish","type":"page","link":"https:\/\/1tenisforyou.com.br\/1tfy\/inscreva-se\/","title":{"rendered":"Inscreva-se"},"content":{"rendered":"\n<div style=\"display:none\" class=\"fm-form-container fm-theme11\"><div id=\"fm-pages1\" class=\"fm-pages wdform_page_navigation \" show_title=\"\" show_numbers=\"1\" type=\"none\"><\/div><form name=\"form1\" action=\"\/1tfy\/wp-json\/wp\/v2\/pages\/43\" method=\"post\" id=\"form1\" class=\"fm-form form1  \" enctype=\"multipart\/form-data\"><input type=\"hidden\" id=\"fm_page_id1\" value=\"43\" name=\"fm_page_id1\" \/><input type=\"hidden\" id=\"fm_current_post_type1\" value=\"page\" name=\"fm_current_post_type1\" \/><input type=\"hidden\" id=\"counter1\" value=\"25\" name=\"counter1\" \/><input type=\"hidden\" id=\"Itemid1\" value=\"\" name=\"Itemid1\" \/><input type=\"hidden\" id=\"fm_shake1\" value=\"1\" name=\"fm_shake1\" \/><input type=\"text\" class=\"fm-hide\" id=\"fm_empty_field_validation1\" value=\"\" name=\"fm_empty_field_validation1\" data-value=\"bd736efb144d599cf463541431fbf5c4\" \/><div class=\"fm-header-bg\"><div class=\"fm-header \"><div class=\"fm-header-text\">          <div class=\"fm-header-title\">            Contact Us          <\/div>          <div class=\"fm-header-description\">            <img decoding=\"async\" class=\"aligncenter\" src=\"https:\/\/1tenisforyou.com.br\/1tfy\/wp-content\/uploads\/2025\/12\/formulario_novo_usuario.png\" alt=\"https:\/\/1tenisforyou.com.br\/1tfy\/wp-content\/uploads\/2025\/12\/formulario_novo_usuario.png\" \/>          <\/div>        <\/div><\/div><\/div><div class=\"wdform-page-and-images fm-form-builder\"><div id=\"1form_view1\" class=\"wdform_page\" page_title=\"Untitled page\" next_title=\"Next\" next_type=\"text\" next_class=\"wdform-page-button\" next_checkable=\"true\" previous_title=\"Previous\" previous_type=\"text\" previous_class=\"wdform-page-button\" previous_checkable=\"false\"><div class=\"wdform_section\"><div class=\"wdform_column\"><div wdid=\"2\" class=\"wdform_row\" style=\"position: relative; left: 0px; top: 0px;\"><div type=\"type_text\" class=\"wdform-field wd-width-100 wd-flex wd-flex-column fm-type_text\" ><div class=\"wdform-label-section wd-width-100  wd-flex-row wd-align-items-center\" style=\"max-width: 400px;\">    <label  for=\"wdform_2_element1\" class=\"wdform-label\">Name<\/label><span class=\"wdform-required\">*<\/span><\/div><div class=\"wdform-element-section wd-flex  wd-flex-row wd-align-items-center wd-width-100\" style=\"max-width: 400px;\"><input type=\"text\"                           class=\"wd-width-100\"                           id=\"wdform_2_element1\"                           name=\"wdform_2_element1\"                           value=\"\"                           data-value=\"\"                           title=\"Seu nome completo\"                           placeholder=\"Seu nome completo\"                                                       \/><\/div><\/div><\/div><\/div><div class=\"wdform_column\"><div wdid=\"3\" class=\"wdform_row\"><div type=\"type_submitter_mail\" class=\"wdform-field wd-width-100 wd-flex wd-flex-column fm-type_submitter_mail\" ><div class=\"wdform-label-section wd-width-100  wd-flex-row\" style=\"max-width: 400px;\">    <label  for=\"wdform_3_element1\" class=\"wdform-label\">Seu Email<\/label><span class=\"wdform-required\">*<\/span><\/div><div class=\"wdform-element-section wd-flex  wd-flex-row wd-width-100\" style=\"max-width: 400px;\"><input type=\"text\" class=\"wd-width-100\" id=\"wdform_3_element1\" name=\"wdform_3_element1\" data-value=\"\" value=\"\" title=\"Coloque um e-mail v\u00e1lido\" placeholder=\"Coloque um e-mail v\u00e1lido\"   onchange=\"wd_check_email('3', '1', 'This is not a valid email address.')\" \/><\/div><\/div><\/div><\/div><div class=\"wdform_column\"><div wdid=\"6\" class=\"wdform_row\" style=\"position: relative; left: 0px; top: 0px;\"><div type=\"type_date_new\" class=\"wdform-field wd-width-100 wd-flex wd-flex-column fm-type_date_new\" ><div class=\"wdform-label-section wd-width-100  wd-flex-row\" style=\"max-width: 400px;\">    <label  for=\"wdform_6_element1\" class=\"wdform-label\">Data de nascimento<\/label><span class=\"wdform-required\">*<\/span><\/div><div class=\"wdform-element-section wd-flex  wd-flex-row wd-width-100\" style=\"max-width: 200px;\"><input class=\"wd-width-100\" autocomplete=\"off\" onchange=\"wd_validate(this)\" data-form-id=\"1\" data-wdid=\"6\" data-valid-type=\"date\" type=\"text\" id=\"wdform_6_element1\" data-value=\"\" value=\"\" name=\"wdform_6_element1\"   \/><span id=\"fm-calendar-6\" class=\"dashicons dashicons-calendar-alt wd-calendar-button wd-inline-block\"><\/span><input type=\"hidden\" class=\"hidden_date\" data-format=\"dd\/mm\/yy\" data-min=\"\" data-max=\"\" id=\"wdform_6_button1\" value=\"\" \/><\/div><\/div><\/div><\/div><div class=\"wdform_column\"><div wdid=\"7\" class=\"wdform_row\" style=\"position: relative; left: 0px; top: 0px;\"><div type=\"type_phone_new\" class=\"wdform-field wd-width-100 wd-flex wd-flex-column fm-type_phone_new\" ><div class=\"wdform-label-section wd-width-100 \" style=\"max-width: 400px;\">    <label  for=\"wdform_7_element1\" class=\"wdform-label\">Seu telefone<\/label><span class=\"wdform-required\">*<\/span><\/div><div class=\"wdform-element-section wd-flex  wd-width-100\" style=\"max-width: 200px;\"><input type=\"text\"                       class=\"wd-width-100\"                       id=\"wdform_7_element1\"                       name=\"wdform_7_element1\"                       value=\"\"                       data-value=\"\"                       placeholder=\"\"  \/><\/div><\/div><\/div><\/div><div class=\"wdform_column\"><div wdid=\"8\" class=\"wdform_row\"><div type=\"type_radio\" class=\"wdform-field wd-width-100 wd-flex wd-flex-column fm-type_radio\" ><div class=\"wdform-label-section wd-width-100  wd-flex-wrap wd-flex-column\">    <label  class=\"wdform-label\">Esse telefone tem What's App?<\/label><span class=\"wdform-required\">*<\/span><\/div><div class=\"wdform-element-section wd-flex  wd-flex-wrap wd-flex-column wd-width-100\" ><div class=\"wd-flex wd-flex-column\"><input type=\"hidden\" name=\"wdform_8_element1\" value=\"\" \/><div class=\"radio-div wd-choice wd-flex wd-flex-row\"><input type=\"radio\"  id=\"wdform_8_element10\" name=\"wdform_8_element1\" value=\"Sim\" onclick=\"set_default(&quot;wdform_8&quot;,&quot;0&quot;,&quot;1&quot;); \"   \/><label class=\"wd-align-items-center wd-flex wd-flex-row\" for=\"wdform_8_element10\"><span><\/span>Sim<\/label><\/div><div class=\"radio-div wd-choice wd-flex wd-flex-row\"><input type=\"radio\"  id=\"wdform_8_element11\" name=\"wdform_8_element1\" value=\"Tenho em outro n\u00famero\" onclick=\"set_default(&quot;wdform_8&quot;,&quot;1&quot;,&quot;1&quot;); \"   \/><label class=\"wd-align-items-center wd-flex wd-flex-row\" for=\"wdform_8_element11\"><span><\/span>Tenho em outro n\u00famero<\/label><\/div><div class=\"radio-div wd-choice wd-flex wd-flex-row\"><input type=\"radio\"  id=\"wdform_8_element12\" name=\"wdform_8_element1\" value=\"N\u00e3o tenho Whats App\" onclick=\"set_default(&quot;wdform_8&quot;,&quot;2&quot;,&quot;1&quot;); \"   \/><label class=\"wd-align-items-center wd-flex wd-flex-row\" for=\"wdform_8_element12\"><span><\/span>N\u00e3o tenho What's App<\/label><\/div><\/div><\/div><\/div><\/div><\/div><div class=\"wdform_column\"><div wdid=\"9\" class=\"wdform_row\" style=\"position: relative; left: 0px; top: 0px;\"><div type=\"type_phone_new\" class=\"wdform-field wd-width-100 wd-flex wd-flex-column fm-type_phone_new\" ><div class=\"wdform-label-section wd-width-100 \" style=\"max-width: 400px;\">    <label  for=\"wdform_9_element1\" class=\"wdform-label\">Seu What's App<\/label><span class=\"wdform-required\">*<\/span><\/div><div class=\"wdform-element-section wd-flex  wd-width-100\" style=\"max-width: 200px;\"><input type=\"text\"                       class=\"wd-width-100\"                       id=\"wdform_9_element1\"                       name=\"wdform_9_element1\"                       value=\"\"                       data-value=\"\"                       placeholder=\"\"  \/><\/div><\/div><\/div><\/div><div class=\"wdform_column\"><div wdid=\"10\" class=\"wdform_row\"><div type=\"type_editor\" class=\"wdform-field\"><p style=\"margin: 0 35px\"><font face=\"Verdana\" color=\"#000080\">Ok, voc\u00ea n\u00e3o tem<b>What's App<\/b>.<\/font><\/p><p style=\"margin: 0 35px\"><font face=\"Verdana\" color=\"#000080\">Sendo assim, todas as nossas comunica\u00e7\u00f5es ser\u00e3o feitas pelo <\/font><font face=\"Verdana\" color=\"#FF0000\"><b>seu-email<\/b><\/font><font face=\"Verdana\" color=\"#000080\">.<\/font><\/p><p style=\"margin: 0 35px\"><font face=\"Verdana\" color=\"#000080\">Tamb\u00e9m poder\u00e3o ser feitas, se necess\u00e1rio, por seu telefone.<\/font><\/p><p style=\"margin: 0 35px\"><\/p><\/div><\/div><\/div><div class=\"wdform_column\"><div wdid=\"18\" class=\"wdform_row\" style=\"position: relative; left: 0px; top: 0px;\"><div type=\"type_own_select\" class=\"wdform-field wd-width-100 wd-flex wd-flex-column fm-type_own_select\" ><div class=\"wdform-label-section wd-width-100 wdform_select wd-flex-row\" style=\"max-width: 400px;\">    <label  for=\"wdform_18_element1\" class=\"wdform-label\">Seu estado<\/label><span class=\"wdform-required\">*<\/span><\/div><div class=\"wdform-element-section wd-flex wdform_select wd-flex-row wd-width-100\" style=\"max-width: 400px;\"><select class=\"wd-width-100\" id=\"wdform_18_element1\" name=\"wdform_18_element1\" ><option value=\"Marque seu estado\" selected=\"selected\">Marque seu estado<\/option><option value=\"AC10\" >Acre<\/option><option value=\"AL20\" >Alagoas<\/option><option value=\"AP11\" >Amap\u00e1<\/option><option value=\"AM12\" >Amazonas<\/option><option value=\"BA21\" >Bahia<\/option><option value=\"CE22\" >Cear\u00e1<\/option><option value=\"DF30\" >Distrito Federal<\/option><option value=\"ES40\" >Esp\u00edrito Santo<\/option><option value=\"GO31\" >Goi\u00e1s<\/option><option value=\"MA23\" >Maranh\u00e3o<\/option><option value=\"MT32\" >Mato Grosso<\/option><option value=\"MS33\" >Mato Grosso Do Sul<\/option><option value=\"MG41\" >Minas Gerais<\/option><option value=\"PA13\" >Par\u00e1<\/option><option value=\"PB24\" >Para\u00edba<\/option><option value=\"PR50\" >Paran\u00e1<\/option><option value=\"PI25\" >Piau\u00ed<\/option><option value=\"PE26\" >Pernambuco<\/option><option value=\"RJ42\" >Rio De Janeiro<\/option><option value=\"RN27\" >Rio Grande Do Norte<\/option><option value=\"RS51\" >Rio Grande Do Sul<\/option><option value=\"RO14\" >Rond\u00f4nia<\/option><option value=\"RR15\" >Roraima<\/option><option value=\"SC52\" >Santa Catarina<\/option><option value=\"SP43\" >S\u00e3o Paulo<\/option><option value=\"SE28\" >Sergipe<\/option><option value=\"TO16\" >Tocantins<\/option><\/select><\/div><\/div><\/div><\/div><div class=\"wdform_column\"><div wdid=\"19\" class=\"wdform_row\" style=\"position: relative; left: 0px; top: 0px;\"><div type=\"type_address\" class=\"wdform-field wd-width-100 wd-flex wd-flex-column fm-type_address\" ><div class=\"wdform-label-section wd-width-100 wdform_address wd-flex-column\" style=\"max-width: 400px;\">    <label  for=\"wdform_19_street11\" class=\"wdform-label\">Seu Endere\u00e7o.<\/label><span class=\"wdform-required\">*<\/span><\/div><div class=\"wdform-element-section wd-flex wdform_address wd-flex-column wd-width-100\" style=\"max-width: 400px;\"><span class=\"wd-width-100 wd-address\" id=\"wdform_19_address_0\">                <input class=\"wd-width-100 wdform_19_address_0\" type=\"text\" id=\"wdform_19_street11\" name=\"wdform_19_street11\" value=\"\"  \/>                <label for=\"wdform_19_street11\" class=\"mini_label\">Sua Rua<\/label><\/span><span class=\"wd-width-100 wd-address\" id=\"wdform_19_address_1\">                <input class=\"wd-width-100 wdform_19_address_1\" type=\"text\" id=\"wdform_19_street21\" name=\"wdform_20_street21\" value=\"\"  \/>                <label for=\"wdform_19_street21\" class=\"mini_label\">N\u00famero + complemento<\/label><\/span><span class=\"wd-width-100 wd-flex wd-flex-row wd-flex-wrap wd-justify-content\"><span class=\"wd-width-49 wd-address\" id=\"wdform_19_address_2\">                <input class=\"wd-width-100 wdform_19_address_2\" type=\"text\" id=\"wdform_19_city1\" name=\"wdform_21_city1\" value=\"\"  \/>                <label for=\"wdform_19_city1\" class=\"mini_label\">Seu bairro<\/label><\/span><span class=\"wd-width-49 wd-address\" id=\"wdform_19_address_3\">                <input class=\"wd-width-100 wdform_19_address_3\" type=\"text\" id=\"wdform_19_state1\" name=\"wdform_22_state1\" value=\"\"  \/>                <label for=\"wdform_19_state1\" class=\"mini_label\">Sua cidade<\/label><\/span><span class=\"wd-width-49 wd-address\" id=\"wdform_19_address_4\">              <input class=\"wd-width-100 wdform_19_address_4\" type=\"text\" id=\"wdform_19_postal1\" name=\"wdform_23_postal1\" value=\"\"  \/>              <label for=\"wdform_19_postal1\" class=\"mini_label\">Seu CEP<\/label><\/span><\/span><\/div><\/div><\/div><\/div><div class=\"wdform_column\"><div wdid=\"11\" class=\"wdform_row\"><div type=\"type_date_new\" class=\"wdform-field wd-width-100 wd-flex wd-flex-column fm-type_date_new\" ><div class=\"wdform-label-section wd-width-100  wd-flex-row\" style=\"max-width: 400px;\">    <label  for=\"wdform_11_element1\" class=\"wdform-label\">Date de hoje<\/label><span class=\"wdform-required\">*<\/span><\/div><div class=\"wdform-element-section wd-flex  wd-flex-row wd-width-100\" style=\"max-width: 200px;\"><input class=\"wd-width-100\" autocomplete=\"off\" onchange=\"wd_validate(this)\" data-form-id=\"1\" data-wdid=\"11\" data-valid-type=\"date\" type=\"text\" id=\"wdform_11_element1\" data-value=\"\" value=\"\" name=\"wdform_11_element1\"   \/><span id=\"fm-calendar-11\" class=\"dashicons dashicons-calendar-alt wd-calendar-button wd-inline-block\"><\/span><input type=\"hidden\" class=\"hidden_date\" data-format=\"dd\/mm\/yy\" data-min=\"\" data-max=\"\" id=\"wdform_11_button1\" value=\"\" \/><\/div><\/div><\/div><\/div><div class=\"wdform_column\"><div wdid=\"1\" class=\"wdform_row\"><div type=\"type_submit_reset\" class=\"wdform-field wd-width-100 wd-flex wd-flex-column fm-type_submit_reset\" ><div class=\"wdform-element-section wd-flex  wd-flex-row wd-justify-content-center wd-width-100\" ><button  type=\"button\" class=\"button-submit\" onclick=\"fm_submit_form('1');\"  data-ajax=\"0\"><span class=\"fm-submit-loading spinner fm-ico-spinner\"><\/span>Enviar<\/button><button  type=\"button\" class=\"button-reset wd-hidden\" onclick=\"fm_reset_form(1);\" >Reset<\/button><\/div><\/div><\/div><\/div><\/div><div valign=\"top\" class=\"wdform_footer wd-width-100\"><div class=\"wd-width-100\"><div class=\"wd-width-100 wd-table\" style=\"padding-top:10px;\"><div class=\"wd-table-group\"><div id=\"1page_nav1\" class=\"wd-table-row\"><\/div><\/div><\/div><\/div><\/div><\/div><\/div><div class=\"wdform_preload\"><\/div><input type=\"hidden\" name=\"fm-current-page\" value=\"https:\/\/1tenisforyou.com.br\/1tfy\/wp-json\/wp\/v2\/pages\/43\" \/><\/form><\/div>\n","protected":false},"excerpt":{"rendered":"","protected":false},"author":1,"featured_media":0,"parent":0,"menu_order":0,"comment_status":"closed","ping_status":"closed","template":"","meta":{"footnotes":""},"class_list":["post-43","page","type-page","status-publish","hentry"],"_links":{"self":[{"href":"https:\/\/1tenisforyou.com.br\/1tfy\/wp-json\/wp\/v2\/pages\/43","targetHints":{"allow":["GET"]}}],"collection":[{"href":"https:\/\/1tenisforyou.com.br\/1tfy\/wp-json\/wp\/v2\/pages"}],"about":[{"href":"https:\/\/1tenisforyou.com.br\/1tfy\/wp-json\/wp\/v2\/types\/page"}],"author":[{"embeddable":true,"href":"https:\/\/1tenisforyou.com.br\/1tfy\/wp-json\/wp\/v2\/users\/1"}],"replies":[{"embeddable":true,"href":"https:\/\/1tenisforyou.com.br\/1tfy\/wp-json\/wp\/v2\/comments?post=43"}],"version-history":[{"count":1,"href":"https:\/\/1tenisforyou.com.br\/1tfy\/wp-json\/wp\/v2\/pages\/43\/revisions"}],"predecessor-version":[{"id":44,"href":"https:\/\/1tenisforyou.com.br\/1tfy\/wp-json\/wp\/v2\/pages\/43\/revisions\/44"}],"wp:attachment":[{"href":"https:\/\/1tenisforyou.com.br\/1tfy\/wp-json\/wp\/v2\/media?parent=43"}],"curies":[{"name":"wp","href":"https:\/\/api.w.org\/{rel}","templated":true}]}}